{"id":995,"date":"2021-03-18T20:28:57","date_gmt":"2021-03-18T20:28:57","guid":{"rendered":"https:\/\/dev.themindcraft.pt\/wp\/?page_id=995"},"modified":"2021-08-03T22:47:19","modified_gmt":"2021-08-03T22:47:19","slug":"mind-speeches-list","status":"publish","type":"page","link":"https:\/\/dev.themindcraft.pt\/wp\/mind-speeches-list\/","title":{"rendered":"Mind Speeches"},"content":{"rendered":"\n<figure class=\"wp-block-image size-large\"><img loading=\"lazy\" decoding=\"async\" width=\"1024\" height=\"317\" src=\"https:\/\/dev.themindcraft.pt\/wp\/wp-content\/uploads\/2021\/03\/MindSpeeches_Original-1024x317.png\" alt=\"\" class=\"wp-image-1000\" srcset=\"https:\/\/dev.themindcraft.pt\/wp\/wp-content\/uploads\/2021\/03\/MindSpeeches_Original-1024x317.png 1024w, https:\/\/dev.themindcraft.pt\/wp\/wp-content\/uploads\/2021\/03\/MindSpeeches_Original-350x108.png 350w, https:\/\/dev.themindcraft.pt\/wp\/wp-content\/uploads\/2021\/03\/MindSpeeches_Original-300x93.png 300w, https:\/\/dev.themindcraft.pt\/wp\/wp-content\/uploads\/2021\/03\/MindSpeeches_Original-768x238.png 768w, https:\/\/dev.themindcraft.pt\/wp\/wp-content\/uploads\/2021\/03\/MindSpeeches_Original.png 1500w\" sizes=\"auto, (max-width: 767px) 89vw, (max-width: 1000px) 54vw, (max-width: 1071px) 543px, 580px\" \/><\/figure>\n\n\n\n<div class=\"wp-block-columns is-layout-flex wp-container-core-columns-is-layout-9d6595d7 wp-block-columns-is-layout-flex\">\n<div class=\"wp-block-column is-layout-flow wp-block-column-is-layout-flow\"><img loading=\"lazy\" decoding=\"async\" width=\"5184\" height=\"3456\" src=\"https:\/\/dev.themindcraft.pt\/wp\/wp-content\/uploads\/2021\/08\/BlogMindCraftCarlaTeixeiraFoco1.png\" class=\"attachment-post-thumbnail size-post-thumbnail wp-post-image\" alt=\"\" srcset=\"https:\/\/dev.themindcraft.pt\/wp\/wp-content\/uploads\/2021\/08\/BlogMindCraftCarlaTeixeiraFoco1.png 5184w, https:\/\/dev.themindcraft.pt\/wp\/wp-content\/uploads\/2021\/08\/BlogMindCraftCarlaTeixeiraFoco1-350x233.png 350w, https:\/\/dev.themindcraft.pt\/wp\/wp-content\/uploads\/2021\/08\/BlogMindCraftCarlaTeixeiraFoco1-300x200.png 300w, https:\/\/dev.themindcraft.pt\/wp\/wp-content\/uploads\/2021\/08\/BlogMindCraftCarlaTeixeiraFoco1-1024x683.png 1024w, https:\/\/dev.themindcraft.pt\/wp\/wp-content\/uploads\/2021\/08\/BlogMindCraftCarlaTeixeiraFoco1-768x512.png 768w, https:\/\/dev.themindcraft.pt\/wp\/wp-content\/uploads\/2021\/08\/BlogMindCraftCarlaTeixeiraFoco1-1536x1024.png 1536w, https:\/\/dev.themindcraft.pt\/wp\/wp-content\/uploads\/2021\/08\/BlogMindCraftCarlaTeixeiraFoco1-2048x1365.png 2048w\" sizes=\"auto, 100vw\" \/>\n\n\n\n<p><\/p>\n<\/div>\n\n\n\n<div class=\"wp-block-column is-layout-flow wp-block-column-is-layout-flow\"><h4 style=\"padding-top: 20px\">\n[custom-field id=&#8221;field_l6fxm&#8221;]<br \/>\n<\/h4>\n<p>\n<strong>Descri\u00e7\u00e3o: <\/strong> [custom-field id=&#8221;field_w3yypu&#8221;]\n<\/p>\n<p>\n<strong>Dura\u00e7\u00e3o: <\/strong>[custom-field id=&#8221;field_2ml8wu&#8221;] minutos\n<\/p>\n<audio id='audioPlayer' src='https:\/\/dev.themindcraft.pt\/wp\/wp-content\/uploads\/2022\/12\/Episodio-7-Como-tornar-pessoas-e-equipas-mais-resilientes.mp3' preload='auto'><\/audio>\n\n\n<audio controlsList='nodownload' controls><source src='https:\/\/dev.themindcraft.pt\/wp\/wp-content\/uploads\/2022\/12\/Episodio-7-Como-tornar-pessoas-e-equipas-mais-resilientes.mp3'<\/audio>\n<\/div>\n\n\n\n<div class=\"wp-block-column is-vertically-aligned-top is-layout-flow wp-block-column-is-layout-flow\" style=\"flex-basis:25%\"><!--W4PL_List_1090-->\n<style id=\"w4pl-css-1090\" type=\"text\/css\">ul {\r\nlist-style: none; \r\n}<\/style>\n<div id=\"w4pl-list-1090\" class=\"w4pl\">\n\t<div id=\"w4pl-inner-1090\" class=\"w4pl-inner\">\n\t\t<h4 style=\"padding-top: 20px\">Todos os Epis\u00f3dios<\/h4>\r\n<ul>\r\n<li>\r\n<a class=\"post_title w4pl_post_title\" href=\"https:\/\/dev.themindcraft.pt\/wp\/podcasts\/episodio-1\/\" title=\"View Ep1 &#8211; Tudo come\u00e7a com a empatia!\">Ep1 &#8211; Tudo come\u00e7a com a empatia!<\/a>\r\n<\/li>\r\n\r\n<li>\r\n<a class=\"post_title w4pl_post_title\" href=\"https:\/\/dev.themindcraft.pt\/wp\/podcasts\/episodio-2\/\" title=\"View Ep2 &#8211; A anatomia da confian\u00e7a\">Ep2 &#8211; A anatomia da confian\u00e7a<\/a>\r\n<\/li>\r\n\r\n<li>\r\n<a class=\"post_title w4pl_post_title\" href=\"https:\/\/dev.themindcraft.pt\/wp\/podcasts\/episodio-4\/\" title=\"View Ep3 &#8211; A escuta (verdadeiramente) ativa!\">Ep3 &#8211; A escuta (verdadeiramente) ativa!<\/a>\r\n<\/li>\r\n\r\n<li>\r\n<a class=\"post_title w4pl_post_title\" href=\"https:\/\/dev.themindcraft.pt\/wp\/podcasts\/ep4-como-tornar-o-feedback-menos-ameacador\/\" title=\"View Ep4 &#8211; Como tornar o feedback menos amea\u00e7ador?\">Ep4 &#8211; Como tornar o feedback menos amea\u00e7ador?<\/a>\r\n<\/li>\r\n\r\n<li>\r\n<a class=\"post_title w4pl_post_title\" href=\"https:\/\/dev.themindcraft.pt\/wp\/podcasts\/ep5-como-definir-e-comunicar-limites-assertivos\/\" title=\"View Ep5 &#8211; Como definir e comunicar limites assertivos?\">Ep5 &#8211; Como definir e comunicar limites assertivos?<\/a>\r\n<\/li>\r\n\r\n<li>\r\n<a class=\"post_title w4pl_post_title\" href=\"https:\/\/dev.themindcraft.pt\/wp\/podcasts\/ep-6-como-mudar-um-comportamento-usando-rituais-em-vez-de-rotinas-mp3\/\" title=\"View Ep6 &#8211; Como mudar um comportamento usando rituais em vez de rotinas?\">Ep6 &#8211; Como mudar um comportamento usando rituais em vez de rotinas?<\/a>\r\n<\/li>\r\n\r\n<li>\r\n<a class=\"post_title w4pl_post_title\" href=\"https:\/\/dev.themindcraft.pt\/wp\/podcasts\/ep7-como-tornar-pessoas-e-equipas-mais-resilientes\/\" title=\"View Ep7 &#8211; Como tornar pessoas e equipas mais resilientes?\">Ep7 &#8211; Como tornar pessoas e equipas mais resilientes?<\/a>\r\n<\/li>\r\n<\/ul>\n\t<\/div><!--#w4pl-inner-1090-->\n<\/div><!--#w4pl-1090-->\n<!--END_W4PL_List_1090-->\n\n<\/div>\n<\/div>\n\n\n<h4 class=\"extra-reading-title\">Se queres saber mais sobre o tema v\u00ea o meu artigo de blog<\/h4>\n<p class=\"extra-reading\"><i class=\"fas fa-book\"> <\/i> [custom-field id=&#8221;field_wnh4c&#8221;]<\/p>\n\n\n\n<div class=\"wp-block-columns tags-list is-layout-flex wp-container-core-columns-is-layout-9d6595d7 wp-block-columns-is-layout-flex\">\n<div class=\"wp-block-column is-layout-flow wp-block-column-is-layout-flow\"><a href=\"https:\/\/dev.themindcraft.pt\/wp\/tag\/comunicacao\/\" rel=\"tag\">Comunica\u00e7\u00e3o<\/a><a href=\"https:\/\/dev.themindcraft.pt\/wp\/tag\/foco\/\" rel=\"tag\">Foco<\/a><a href=\"https:\/\/dev.themindcraft.pt\/wp\/tag\/motivacao\/\" rel=\"tag\">Motiva\u00e7\u00e3o<\/a><a href=\"https:\/\/dev.themindcraft.pt\/wp\/tag\/proposito\/\" rel=\"tag\">Prop\u00f3sito<\/a><a href=\"https:\/\/dev.themindcraft.pt\/wp\/tag\/resiliencia\/\" rel=\"tag\">Resiliencia<\/a>\n<\/div>\n<\/div>\n","protected":false},"excerpt":{"rendered":"<p>[custom-field id=&#8221;field_l6fxm&#8221;] Descri\u00e7\u00e3o: [custom-field id=&#8221;field_w3yypu&#8221;] Dura\u00e7\u00e3o: [custom-field id=&#8221;field_2ml8wu&#8221;] minutos<\/p>\n","protected":false},"author":1,"featured_media":0,"parent":0,"menu_order":0,"comment_status":"closed","ping_status":"closed","template":"","meta":{"footnotes":""},"class_list":["post-995","page","type-page","status-publish","hentry"],"yoast_head":"<!-- This site is optimized with the Yoast SEO plugin v27.4 - https:\/\/yoast.com\/product\/yoast-seo-wordpress\/ -->\n<title>Mind Speeches - Mind Craft<\/title>\n<meta name=\"robots\" content=\"index, follow, max-snippet:-1, max-image-preview:large, max-video-preview:-1\" \/>\n<link rel=\"canonical\" href=\"https:\/\/dev.themindcraft.pt\/wp\/mind-speeches-list\/\" \/>\n<meta property=\"og:locale\" content=\"pt_PT\" \/>\n<meta property=\"og:type\" content=\"article\" \/>\n<meta property=\"og:title\" content=\"Mind Speeches - Mind Craft\" \/>\n<meta property=\"og:description\" content=\"[custom-field id=&#8221;field_l6fxm&#8221;] Descri\u00e7\u00e3o: [custom-field id=&#8221;field_w3yypu&#8221;] Dura\u00e7\u00e3o: [custom-field id=&#8221;field_2ml8wu&#8221;] minutos\" \/>\n<meta property=\"og:url\" content=\"https:\/\/dev.themindcraft.pt\/wp\/mind-speeches-list\/\" \/>\n<meta property=\"og:site_name\" content=\"Mind Craft\" \/>\n<meta property=\"article:publisher\" content=\"https:\/\/facebook.com\/themindcraft.pt\/\" \/>\n<meta property=\"article:modified_time\" content=\"2021-08-03T22:47:19+00:00\" \/>\n<meta property=\"og:image\" content=\"https:\/\/dev.themindcraft.pt\/wp\/wp-content\/uploads\/2021\/03\/MindSpeeches_Original.png\" \/>\n<meta name=\"twitter:card\" content=\"summary_large_image\" \/>\n<script type=\"application\/ld+json\" class=\"yoast-schema-graph\">{\"@context\":\"https:\\\/\\\/schema.org\",\"@graph\":[{\"@type\":\"WebPage\",\"@id\":\"https:\\\/\\\/dev.themindcraft.pt\\\/wp\\\/mind-speeches-list\\\/\",\"url\":\"https:\\\/\\\/dev.themindcraft.pt\\\/wp\\\/mind-speeches-list\\\/\",\"name\":\"Mind Speeches - Mind Craft\",\"isPartOf\":{\"@id\":\"https:\\\/\\\/dev.themindcraft.pt\\\/wp\\\/#website\"},\"primaryImageOfPage\":{\"@id\":\"https:\\\/\\\/dev.themindcraft.pt\\\/wp\\\/mind-speeches-list\\\/#primaryimage\"},\"image\":{\"@id\":\"https:\\\/\\\/dev.themindcraft.pt\\\/wp\\\/mind-speeches-list\\\/#primaryimage\"},\"thumbnailUrl\":\"https:\\\/\\\/dev.themindcraft.pt\\\/wp\\\/wp-content\\\/uploads\\\/2021\\\/03\\\/MindSpeeches_Original.png\",\"datePublished\":\"2021-03-18T20:28:57+00:00\",\"dateModified\":\"2021-08-03T22:47:19+00:00\",\"breadcrumb\":{\"@id\":\"https:\\\/\\\/dev.themindcraft.pt\\\/wp\\\/mind-speeches-list\\\/#breadcrumb\"},\"inLanguage\":\"pt-PT\",\"potentialAction\":[{\"@type\":\"ReadAction\",\"target\":[\"https:\\\/\\\/dev.themindcraft.pt\\\/wp\\\/mind-speeches-list\\\/\"]}]},{\"@type\":\"ImageObject\",\"inLanguage\":\"pt-PT\",\"@id\":\"https:\\\/\\\/dev.themindcraft.pt\\\/wp\\\/mind-speeches-list\\\/#primaryimage\",\"url\":\"https:\\\/\\\/dev.themindcraft.pt\\\/wp\\\/wp-content\\\/uploads\\\/2021\\\/03\\\/MindSpeeches_Original.png\",\"contentUrl\":\"https:\\\/\\\/dev.themindcraft.pt\\\/wp\\\/wp-content\\\/uploads\\\/2021\\\/03\\\/MindSpeeches_Original.png\",\"width\":1500,\"height\":464},{\"@type\":\"BreadcrumbList\",\"@id\":\"https:\\\/\\\/dev.themindcraft.pt\\\/wp\\\/mind-speeches-list\\\/#breadcrumb\",\"itemListElement\":[{\"@type\":\"ListItem\",\"position\":1,\"name\":\"In\u00edcio\",\"item\":\"https:\\\/\\\/dev.themindcraft.pt\\\/wp\\\/\"},{\"@type\":\"ListItem\",\"position\":2,\"name\":\"Mind Speeches\"}]},{\"@type\":\"WebSite\",\"@id\":\"https:\\\/\\\/dev.themindcraft.pt\\\/wp\\\/#website\",\"url\":\"https:\\\/\\\/dev.themindcraft.pt\\\/wp\\\/\",\"name\":\"Mind Craft\",\"description\":\"Mind Craft by Carla Teixeira\",\"publisher\":{\"@id\":\"https:\\\/\\\/dev.themindcraft.pt\\\/wp\\\/#organization\"},\"potentialAction\":[{\"@type\":\"SearchAction\",\"target\":{\"@type\":\"EntryPoint\",\"urlTemplate\":\"https:\\\/\\\/dev.themindcraft.pt\\\/wp\\\/?s={search_term_string}\"},\"query-input\":{\"@type\":\"PropertyValueSpecification\",\"valueRequired\":true,\"valueName\":\"search_term_string\"}}],\"inLanguage\":\"pt-PT\"},{\"@type\":\"Organization\",\"@id\":\"https:\\\/\\\/dev.themindcraft.pt\\\/wp\\\/#organization\",\"name\":\"MindCraft by Carla Teixeira\",\"url\":\"https:\\\/\\\/dev.themindcraft.pt\\\/wp\\\/\",\"logo\":{\"@type\":\"ImageObject\",\"inLanguage\":\"pt-PT\",\"@id\":\"https:\\\/\\\/dev.themindcraft.pt\\\/wp\\\/#\\\/schema\\\/logo\\\/image\\\/\",\"url\":\"https:\\\/\\\/dev.themindcraft.pt\\\/wp\\\/wp-content\\\/uploads\\\/2021\\\/03\\\/MindCraft_Small-e1615285990911.png\",\"contentUrl\":\"https:\\\/\\\/dev.themindcraft.pt\\\/wp\\\/wp-content\\\/uploads\\\/2021\\\/03\\\/MindCraft_Small-e1615285990911.png\",\"width\":250,\"height\":78,\"caption\":\"MindCraft by Carla Teixeira\"},\"image\":{\"@id\":\"https:\\\/\\\/dev.themindcraft.pt\\\/wp\\\/#\\\/schema\\\/logo\\\/image\\\/\"},\"sameAs\":[\"https:\\\/\\\/facebook.com\\\/themindcraft.pt\\\/\",\"https:\\\/\\\/instagram.com\\\/mindcraft.pt\",\"https:\\\/\\\/www.linkedin.com\\\/company\\\/mind-craft-by-carla-teixeira\\\/about\\\/\"]}]}<\/script>\n<!-- \/ Yoast SEO plugin. -->","yoast_head_json":{"title":"Mind Speeches - Mind Craft","robots":{"index":"index","follow":"follow","max-snippet":"max-snippet:-1","max-image-preview":"max-image-preview:large","max-video-preview":"max-video-preview:-1"},"canonical":"https:\/\/dev.themindcraft.pt\/wp\/mind-speeches-list\/","og_locale":"pt_PT","og_type":"article","og_title":"Mind Speeches - Mind Craft","og_description":"[custom-field id=&#8221;field_l6fxm&#8221;] Descri\u00e7\u00e3o: [custom-field id=&#8221;field_w3yypu&#8221;] Dura\u00e7\u00e3o: [custom-field id=&#8221;field_2ml8wu&#8221;] minutos","og_url":"https:\/\/dev.themindcraft.pt\/wp\/mind-speeches-list\/","og_site_name":"Mind Craft","article_publisher":"https:\/\/facebook.com\/themindcraft.pt\/","article_modified_time":"2021-08-03T22:47:19+00:00","og_image":[{"url":"https:\/\/dev.themindcraft.pt\/wp\/wp-content\/uploads\/2021\/03\/MindSpeeches_Original.png","type":"","width":"","height":""}],"twitter_card":"summary_large_image","schema":{"@context":"https:\/\/schema.org","@graph":[{"@type":"WebPage","@id":"https:\/\/dev.themindcraft.pt\/wp\/mind-speeches-list\/","url":"https:\/\/dev.themindcraft.pt\/wp\/mind-speeches-list\/","name":"Mind Speeches - Mind Craft","isPartOf":{"@id":"https:\/\/dev.themindcraft.pt\/wp\/#website"},"primaryImageOfPage":{"@id":"https:\/\/dev.themindcraft.pt\/wp\/mind-speeches-list\/#primaryimage"},"image":{"@id":"https:\/\/dev.themindcraft.pt\/wp\/mind-speeches-list\/#primaryimage"},"thumbnailUrl":"https:\/\/dev.themindcraft.pt\/wp\/wp-content\/uploads\/2021\/03\/MindSpeeches_Original.png","datePublished":"2021-03-18T20:28:57+00:00","dateModified":"2021-08-03T22:47:19+00:00","breadcrumb":{"@id":"https:\/\/dev.themindcraft.pt\/wp\/mind-speeches-list\/#breadcrumb"},"inLanguage":"pt-PT","potentialAction":[{"@type":"ReadAction","target":["https:\/\/dev.themindcraft.pt\/wp\/mind-speeches-list\/"]}]},{"@type":"ImageObject","inLanguage":"pt-PT","@id":"https:\/\/dev.themindcraft.pt\/wp\/mind-speeches-list\/#primaryimage","url":"https:\/\/dev.themindcraft.pt\/wp\/wp-content\/uploads\/2021\/03\/MindSpeeches_Original.png","contentUrl":"https:\/\/dev.themindcraft.pt\/wp\/wp-content\/uploads\/2021\/03\/MindSpeeches_Original.png","width":1500,"height":464},{"@type":"BreadcrumbList","@id":"https:\/\/dev.themindcraft.pt\/wp\/mind-speeches-list\/#breadcrumb","itemListElement":[{"@type":"ListItem","position":1,"name":"In\u00edcio","item":"https:\/\/dev.themindcraft.pt\/wp\/"},{"@type":"ListItem","position":2,"name":"Mind Speeches"}]},{"@type":"WebSite","@id":"https:\/\/dev.themindcraft.pt\/wp\/#website","url":"https:\/\/dev.themindcraft.pt\/wp\/","name":"Mind Craft","description":"Mind Craft by Carla Teixeira","publisher":{"@id":"https:\/\/dev.themindcraft.pt\/wp\/#organization"},"potentialAction":[{"@type":"SearchAction","target":{"@type":"EntryPoint","urlTemplate":"https:\/\/dev.themindcraft.pt\/wp\/?s={search_term_string}"},"query-input":{"@type":"PropertyValueSpecification","valueRequired":true,"valueName":"search_term_string"}}],"inLanguage":"pt-PT"},{"@type":"Organization","@id":"https:\/\/dev.themindcraft.pt\/wp\/#organization","name":"MindCraft by Carla Teixeira","url":"https:\/\/dev.themindcraft.pt\/wp\/","logo":{"@type":"ImageObject","inLanguage":"pt-PT","@id":"https:\/\/dev.themindcraft.pt\/wp\/#\/schema\/logo\/image\/","url":"https:\/\/dev.themindcraft.pt\/wp\/wp-content\/uploads\/2021\/03\/MindCraft_Small-e1615285990911.png","contentUrl":"https:\/\/dev.themindcraft.pt\/wp\/wp-content\/uploads\/2021\/03\/MindCraft_Small-e1615285990911.png","width":250,"height":78,"caption":"MindCraft by Carla Teixeira"},"image":{"@id":"https:\/\/dev.themindcraft.pt\/wp\/#\/schema\/logo\/image\/"},"sameAs":["https:\/\/facebook.com\/themindcraft.pt\/","https:\/\/instagram.com\/mindcraft.pt","https:\/\/www.linkedin.com\/company\/mind-craft-by-carla-teixeira\/about\/"]}]}},"_links":{"self":[{"href":"https:\/\/dev.themindcraft.pt\/wp\/wp-json\/wp\/v2\/pages\/995","targetHints":{"allow":["GET"]}}],"collection":[{"href":"https:\/\/dev.themindcraft.pt\/wp\/wp-json\/wp\/v2\/pages"}],"about":[{"href":"https:\/\/dev.themindcraft.pt\/wp\/wp-json\/wp\/v2\/types\/page"}],"author":[{"embeddable":true,"href":"https:\/\/dev.themindcraft.pt\/wp\/wp-json\/wp\/v2\/users\/1"}],"replies":[{"embeddable":true,"href":"https:\/\/dev.themindcraft.pt\/wp\/wp-json\/wp\/v2\/comments?post=995"}],"version-history":[{"count":13,"href":"https:\/\/dev.themindcraft.pt\/wp\/wp-json\/wp\/v2\/pages\/995\/revisions"}],"predecessor-version":[{"id":1770,"href":"https:\/\/dev.themindcraft.pt\/wp\/wp-json\/wp\/v2\/pages\/995\/revisions\/1770"}],"wp:attachment":[{"href":"https:\/\/dev.themindcraft.pt\/wp\/wp-json\/wp\/v2\/media?parent=995"}],"curies":[{"name":"wp","href":"https:\/\/api.w.org\/{rel}","templated":true}]}}